{"id":544,"date":"2018-10-09T21:18:03","date_gmt":"2018-10-09T20:18:03","guid":{"rendered":"https:\/\/www.etelme.de\/etelme-it\/?page_id=544"},"modified":"2018-10-09T21:21:22","modified_gmt":"2018-10-09T20:21:22","slug":"warum-etelme-it","status":"publish","type":"page","link":"https:\/\/www.etelme.de\/etelme-it\/?page_id=544","title":{"rendered":"Warum eTelme-IT ?"},"content":{"rendered":"<div class=\"entry-content clearfix\">\n<p>Die eTelme-IT ist seit 15 Jahren eine feste gr\u00f6\u00dfe im Rhein Neckar Gebiet. Viele neue Kunden fragen, ob wir Ihrem Unternehmen und den Anfragen gewachsen sind. Wir k\u00f6nnen dem nur klar entgegenhalten, ja, denn sonst k\u00f6nnten wir nicht so locker mit Ihnen reden. Wir k\u00f6nnen bei Bedarf auf IT Mitarbeiter jeder Anzahl zur\u00fcckgreifen und sind jederzeit f\u00fcr Sie und Ihre Herausforderungen errecihbar. Gerade im Datenschutz ist eine gute Organisation und eine genaue Dokumentation wichtig.<\/p>\n<p>Wenn wir uns um Sie k\u00fcmmern, sind wir ausschlie\u00dflich f\u00fcr Sie da, und nehmen Sie und Ihre Anliegen und Fragen sehr ernst. Wir freuen uns, Ihnen die beweisen zu k\u00f6nnen.\u00a0 <a href=\"https:\/\/www.etelme.de\/etelme-it\/?page_id=537\">&gt;&gt; mehr Themen<\/a><\/p>\n<\/div>\n","protected":false},"excerpt":{"rendered":"<p>Die eTelme-IT ist seit 15 Jahren eine feste gr\u00f6\u00dfe im Rhein Neckar Gebiet. Viele neue Kunden fragen, ob wir Ihrem Unternehmen und den Anfragen gewachsen<\/p>\n","protected":false},"author":3,"featured_media":507,"parent":196,"menu_order":0,"comment_status":"closed","ping_status":"closed","template":"","meta":[],"_links":{"self":[{"href":"https:\/\/www.etelme.de\/etelme-it\/index.php?rest_route=\/wp\/v2\/pages\/544"}],"collection":[{"href":"https:\/\/www.etelme.de\/etelme-it\/index.php?rest_route=\/wp\/v2\/pages"}],"about":[{"href":"https:\/\/www.etelme.de\/etelme-it\/index.php?rest_route=\/wp\/v2\/types\/page"}],"author":[{"embeddable":true,"href":"https:\/\/www.etelme.de\/etelme-it\/index.php?rest_route=\/wp\/v2\/users\/3"}],"replies":[{"embeddable":true,"href":"https:\/\/www.etelme.de\/etelme-it\/index.php?rest_route=%2Fwp%2Fv2%2Fcomments&post=544"}],"version-history":[{"count":4,"href":"https:\/\/www.etelme.de\/etelme-it\/index.php?rest_route=\/wp\/v2\/pages\/544\/revisions"}],"predecessor-version":[{"id":548,"href":"https:\/\/www.etelme.de\/etelme-it\/index.php?rest_route=\/wp\/v2\/pages\/544\/revisions\/548"}],"up":[{"embeddable":true,"href":"https:\/\/www.etelme.de\/etelme-it\/index.php?rest_route=\/wp\/v2\/pages\/196"}],"wp:featuredmedia":[{"embeddable":true,"href":"https:\/\/www.etelme.de\/etelme-it\/index.php?rest_route=\/wp\/v2\/media\/507"}],"wp:attachment":[{"href":"https:\/\/www.etelme.de\/etelme-it\/index.php?rest_route=%2Fwp%2Fv2%2Fmedia&parent=544"}],"curies":[{"name":"wp","href":"https:\/\/api.w.org\/{rel}","templated":true}]}}