{"id":3,"date":"2010-04-21T10:43:06","date_gmt":"2010-04-21T10:43:06","guid":{"rendered":"http:\/\/www.etelme.de\/etelme-it\/?page_id=3"},"modified":"2018-10-09T23:54:21","modified_gmt":"2018-10-09T22:54:21","slug":"impressum","status":"publish","type":"page","link":"https:\/\/www.etelme.de\/etelme-it\/?page_id=3","title":{"rendered":"Impressum"},"content":{"rendered":"<p>Anbieter dieser Website im Sinne Anbieter gem. TMG:<\/p>\n<p><span style=\"color: orange;\"><span style=\"color: #3366ff;\"><strong>eTelme<\/strong><\/span><br \/>\n<span style=\"color: #3366ff;\"><strong>Seebacher Stra\u00dfe 37<\/strong><\/span><br \/>\n<span style=\"color: #3366ff;\"><strong>D-67098 Bad D\u00fcrkheim<\/strong><\/span><br \/>\n<\/span><\/p>\n<p>vertreten durch den Inhaber<\/p>\n<p>Oliver Korsch<br \/>\nSeebacher Stra\u00dfe 37<br \/>\nD-67098 Bad D\u00fcrkheim<\/p>\n<p>Verantwortlicher Redakteur i.S.d. TMG &amp; Presserechts:<br \/>\nOliver Korsch Telefonnummer +49 (63 22) 62 04 56<\/p>\n<p>Telefon:<br \/>\n+49 (63 22) 62 04 56<\/p>\n<p>USt. ID Nr.:<br \/>\nDE151452503<\/p>\n<p>E-Mail:<br \/>\n<a href=\"http:\/\/www.etelme.de\/etelme-it\/wp-content\/uploads\/2018\/05\/Office-e1525767779997.jpg\"><img decoding=\"async\" loading=\"lazy\" class=\"alignnone wp-image-427 size-full\" src=\"http:\/\/www.etelme.de\/etelme-it\/wp-content\/uploads\/2018\/05\/Office-e1525767779997.jpg\" alt=\"\" width=\"120\" height=\"24\" \/><\/a><\/p>\n<p>Diese Erkl\u00e4rung gilt f\u00fcr alle verf\u00fcgbaren Links auf diesem Server.<\/p>\n","protected":false},"excerpt":{"rendered":"<p>Anbieter dieser Website im Sinne Anbieter gem. TMG: eTelme Seebacher Stra\u00dfe 37 D-67098 Bad D\u00fcrkheim vertreten durch den Inhaber Oliver Korsch Seebacher Stra\u00dfe 37 D-67098<\/p>\n","protected":false},"author":1,"featured_media":0,"parent":0,"menu_order":6,"comment_status":"closed","ping_status":"closed","template":"","meta":[],"_links":{"self":[{"href":"https:\/\/www.etelme.de\/etelme-it\/index.php?rest_route=\/wp\/v2\/pages\/3"}],"collection":[{"href":"https:\/\/www.etelme.de\/etelme-it\/index.php?rest_route=\/wp\/v2\/pages"}],"about":[{"href":"https:\/\/www.etelme.de\/etelme-it\/index.php?rest_route=\/wp\/v2\/types\/page"}],"author":[{"embeddable":true,"href":"https:\/\/www.etelme.de\/etelme-it\/index.php?rest_route=\/wp\/v2\/users\/1"}],"replies":[{"embeddable":true,"href":"https:\/\/www.etelme.de\/etelme-it\/index.php?rest_route=%2Fwp%2Fv2%2Fcomments&post=3"}],"version-history":[{"count":20,"href":"https:\/\/www.etelme.de\/etelme-it\/index.php?rest_route=\/wp\/v2\/pages\/3\/revisions"}],"predecessor-version":[{"id":618,"href":"https:\/\/www.etelme.de\/etelme-it\/index.php?rest_route=\/wp\/v2\/pages\/3\/revisions\/618"}],"wp:attachment":[{"href":"https:\/\/www.etelme.de\/etelme-it\/index.php?rest_route=%2Fwp%2Fv2%2Fmedia&parent=3"}],"curies":[{"name":"wp","href":"https:\/\/api.w.org\/{rel}","templated":true}]}}