{"id":26,"date":"2010-04-21T20:06:05","date_gmt":"2010-04-21T20:06:05","guid":{"rendered":"http:\/\/www.etelme.de\/etelme-it\/?page_id=26"},"modified":"2018-10-09T15:00:22","modified_gmt":"2018-10-09T14:00:22","slug":"datenrettung","status":"publish","type":"page","link":"https:\/\/www.etelme.de\/etelme-it\/?page_id=26","title":{"rendered":"Datenrettung"},"content":{"rendered":"<p>Durch Partnerunternehmen k\u00f6nnen wir die Datenherstellung in Reinraumlaboren sicherstellen. Die Unternehmen sind Zertifiziert.<\/p>\n<p>Bei der Vernichtung der Datentr\u00e4ger stellen wir sicher, dass es nach dem Stand der heutigen Technik nicht m\u00f6glich ist, die auf den Datentr\u00e4gern gespeicherten Informationen zu reproduzieren.<\/p>\n<p>Vorgehensweise bei Datentr\u00e4gervernichtungen:<\/p>\n<p>Der\/die Datentr\u00e4ger werden von uns auf Wunsch abgeholt (gr\u00f6\u00dfere St\u00fcckzahlen).\u00a0Nach Eintreffen wird\/werden der\/die Datentr\u00e4ger zerlegt und der Vorgang Fotodokumentiert. \u00a0Zur Zerlegung geh\u00f6rt die Unbrauchbarmachung der Bauteile.<br \/>\nZum Abschlu\u00df werden die Altteile zur Schrottpresse verbracht (mit Nachweisen).<\/p>\n<p>Diese Leistungen k\u00f6nnen auf Wunsch abgerufen werden.<\/p>\n<p>Erkundigen Sie sich zu diesem Thema per Kontaktformular!<\/p>\n","protected":false},"excerpt":{"rendered":"<p>Durch Partnerunternehmen k\u00f6nnen wir die Datenherstellung in Reinraumlaboren sicherstellen. Die Unternehmen sind Zertifiziert. Bei der Vernichtung der Datentr\u00e4ger stellen wir sicher, dass es nach dem<\/p>\n","protected":false},"author":1,"featured_media":0,"parent":20,"menu_order":0,"comment_status":"closed","ping_status":"closed","template":"","meta":[],"_links":{"self":[{"href":"https:\/\/www.etelme.de\/etelme-it\/index.php?rest_route=\/wp\/v2\/pages\/26"}],"collection":[{"href":"https:\/\/www.etelme.de\/etelme-it\/index.php?rest_route=\/wp\/v2\/pages"}],"about":[{"href":"https:\/\/www.etelme.de\/etelme-it\/index.php?rest_route=\/wp\/v2\/types\/page"}],"author":[{"embeddable":true,"href":"https:\/\/www.etelme.de\/etelme-it\/index.php?rest_route=\/wp\/v2\/users\/1"}],"replies":[{"embeddable":true,"href":"https:\/\/www.etelme.de\/etelme-it\/index.php?rest_route=%2Fwp%2Fv2%2Fcomments&post=26"}],"version-history":[{"count":12,"href":"https:\/\/www.etelme.de\/etelme-it\/index.php?rest_route=\/wp\/v2\/pages\/26\/revisions"}],"predecessor-version":[{"id":468,"href":"https:\/\/www.etelme.de\/etelme-it\/index.php?rest_route=\/wp\/v2\/pages\/26\/revisions\/468"}],"up":[{"embeddable":true,"href":"https:\/\/www.etelme.de\/etelme-it\/index.php?rest_route=\/wp\/v2\/pages\/20"}],"wp:attachment":[{"href":"https:\/\/www.etelme.de\/etelme-it\/index.php?rest_route=%2Fwp%2Fv2%2Fmedia&parent=26"}],"curies":[{"name":"wp","href":"https:\/\/api.w.org\/{rel}","templated":true}]}}