{"id":244,"date":"2015-06-17T10:56:32","date_gmt":"2015-06-17T09:56:32","guid":{"rendered":"http:\/\/www.etelme.de\/etelme-it\/?page_id=244"},"modified":"2023-06-22T10:43:39","modified_gmt":"2023-06-22T09:43:39","slug":"datenschutzbeauftragte-und-sachverstaendige","status":"publish","type":"page","link":"https:\/\/www.etelme.de\/etelme-it\/?page_id=244","title":{"rendered":"DSB"},"content":{"rendered":"<p>Wir verf\u00fcgen \u00fcber ein Portfolio von externen Datenschutzbeauftragten und beraten im Datenschutz.<\/p>\n<p>Herr Korsch ist personen zertifizierter Datenschutzbeauftragter nach DIN EN ISO\/IEC 17024:2012 (Global-Cert).<\/p>\n<p><a href=\"https:\/\/www.etelme.de\/etelme-it\/wp-content\/uploads\/2023\/06\/2023-WEB-Zertifikat-DS17024-Korsch.jpg\"><img decoding=\"async\" loading=\"lazy\" class=\"alignleft size-full wp-image-734\" src=\"https:\/\/www.etelme.de\/etelme-it\/wp-content\/uploads\/2023\/06\/2023-WEB-Zertifikat-DS17024-Korsch.jpg\" alt=\"\" width=\"1011\" height=\"457\" srcset=\"https:\/\/www.etelme.de\/etelme-it\/wp-content\/uploads\/2023\/06\/2023-WEB-Zertifikat-DS17024-Korsch.jpg 1011w, https:\/\/www.etelme.de\/etelme-it\/wp-content\/uploads\/2023\/06\/2023-WEB-Zertifikat-DS17024-Korsch-300x136.jpg 300w, https:\/\/www.etelme.de\/etelme-it\/wp-content\/uploads\/2023\/06\/2023-WEB-Zertifikat-DS17024-Korsch-768x347.jpg 768w\" sizes=\"(max-width: 1011px) 100vw, 1011px\" \/><\/a><\/p>\n<p>&nbsp;<\/p>\n<p>Gerne k\u00f6nnen wir auch auf diesem Gebiet f\u00fcr Sie t\u00e4tig werden.<\/p>\n<p>&nbsp;<\/p>\n","protected":false},"excerpt":{"rendered":"<p>Wir verf\u00fcgen \u00fcber ein Portfolio von externen Datenschutzbeauftragten und beraten im Datenschutz. Herr Korsch ist personen zertifizierter Datenschutzbeauftragter nach DIN EN ISO\/IEC 17024:2012 (Global-Cert). &nbsp;<\/p>\n","protected":false},"author":3,"featured_media":0,"parent":20,"menu_order":0,"comment_status":"closed","ping_status":"closed","template":"","meta":[],"_links":{"self":[{"href":"https:\/\/www.etelme.de\/etelme-it\/index.php?rest_route=\/wp\/v2\/pages\/244"}],"collection":[{"href":"https:\/\/www.etelme.de\/etelme-it\/index.php?rest_route=\/wp\/v2\/pages"}],"about":[{"href":"https:\/\/www.etelme.de\/etelme-it\/index.php?rest_route=\/wp\/v2\/types\/page"}],"author":[{"embeddable":true,"href":"https:\/\/www.etelme.de\/etelme-it\/index.php?rest_route=\/wp\/v2\/users\/3"}],"replies":[{"embeddable":true,"href":"https:\/\/www.etelme.de\/etelme-it\/index.php?rest_route=%2Fwp%2Fv2%2Fcomments&post=244"}],"version-history":[{"count":8,"href":"https:\/\/www.etelme.de\/etelme-it\/index.php?rest_route=\/wp\/v2\/pages\/244\/revisions"}],"predecessor-version":[{"id":735,"href":"https:\/\/www.etelme.de\/etelme-it\/index.php?rest_route=\/wp\/v2\/pages\/244\/revisions\/735"}],"up":[{"embeddable":true,"href":"https:\/\/www.etelme.de\/etelme-it\/index.php?rest_route=\/wp\/v2\/pages\/20"}],"wp:attachment":[{"href":"https:\/\/www.etelme.de\/etelme-it\/index.php?rest_route=%2Fwp%2Fv2%2Fmedia&parent=244"}],"curies":[{"name":"wp","href":"https:\/\/api.w.org\/{rel}","templated":true}]}}