{"id":196,"date":"2014-04-08T17:35:59","date_gmt":"2014-04-08T16:35:59","guid":{"rendered":"http:\/\/www.etelme.de\/etelme-it\/?page_id=196"},"modified":"2023-06-22T10:57:08","modified_gmt":"2023-06-22T09:57:08","slug":"etelme-stellt-sich-vor","status":"publish","type":"page","link":"https:\/\/www.etelme.de\/etelme-it\/","title":{"rendered":"eTelme-IT Best-Support seit \u00fcber 15 Jahren"},"content":{"rendered":"<p>Wir die eTelme sind Partner eines der gr\u00f6\u00dften Systemh\u00e4user Europas, was es uns erlaubt die Anzahl unserer kompetenten Mitarbeiter spezifiziert\u00a0nach Ihren Anforderungen und Herausforderungen zu skalieren. Wir als eTelme betreuen und senden Consultants vor Ort, managen Mitarbeiter vor Ort, oder supporten selbst, so wie der Bedarf bei Ihnen vor Ort ist.<\/p>\n<p>Wir betreuen aktuell<\/p>\n<ul>\n<li><span style=\"color: #000000;\">Office 365<\/span><span style=\"color: #000000;\"> und Azure AD mit allen Unterstrukturen\u00a0 in der Cloud (eTelme als Microsoft Partner). Dazu geh\u00f6ren auch On-Premise Devices und Smartphones<\/span><span style=\"color: #000000;\">.<br \/>\n<\/span><\/li>\n<li><span style=\"color: #000000;\">Datenschutzkonforme Ausrichtung Ihrer IT und der IT Dienstleitung. Wir f\u00fchren dazu auch <\/span><span style=\"color: #3366ff;\"><a style=\"color: #3366ff;\" href=\"https:\/\/www.etelme.de\/etelme-it\/?page_id=244\">Datenschutz-<\/a><\/span><span style=\"color: #000000;\">, Consulting und Sicherheitsberatungen durch.<\/span><\/li>\n<li><span style=\"color: #000000;\">Backupl\u00f6sungen lokal und in der Cloud auch nach den Richtlinien der DS-GVO <\/span><\/li>\n<\/ul>\n<p><span style=\"color: #000000;\">Standard IT Dienstleitungen, Rollouts, Netzwerk-, Server Betreuungen auch f\u00fcr jedermann.<\/span>Dazu geh\u00f6ren auch Telefone und Telefonanlagen, Internetinbetriebnahme und Serviceunterst\u00fctzung bei Ihren Providern.Uns unterscheidet, da\u00df Sie die M\u00f6glichkeit haben Wartezeiten zu umgehen, durch kompetente Fachleute auch VOR-ORT betreut zu werden.Bei uns geh\u00f6ren Sie zu einem Kreis von VIP\u00b4s die seit \u00fcber 15 Jahren auf unser Unternehmen und Probleml\u00f6sungen vertrauen. Unser Hintergrundbild sagt nur, je mehr wir Ihnen an zeitaufwendigen T\u00e4tigkeiten abnehmen, desto mehr Zeit haben sie f\u00fcr die wirklich wichtigen Dinge.<br \/>\nUm mehr Informationen zu erhalten Rufen Sie uns einfach an an.<\/p>\n<p><em><strong>Concierge Service gibt es jetzt auch bei IT Dienstleistungen<\/strong><\/em>&#8230;Mit einem Service Vertrag stehen Sie bei Herausforderungen nie allein.<\/p>\n<p>Wir freuen uns auf Sie !<br \/>\n<a href=\"https:\/\/www.etelme.de\/etelme-it\/wp-content\/uploads\/2023\/06\/2023-WEB-Zertifikat-DS17024-Korsch-1-e1687427672466.jpg\"><img decoding=\"async\" loading=\"lazy\" class=\"alignleft size-full wp-image-740\" src=\"https:\/\/www.etelme.de\/etelme-it\/wp-content\/uploads\/2023\/06\/2023-WEB-Zertifikat-DS17024-Korsch-1-e1687427672466.jpg\" alt=\"\" width=\"300\" height=\"136\" \/><\/a><\/p>\n<p><img decoding=\"async\" loading=\"lazy\" class=\"alignleft wp-image-230 size-medium\" src=\"https:\/\/www.etelme.de\/etelme-it\/wp-content\/uploads\/2014\/04\/eTelme-IT11-300x24.jpg\" alt=\"eTelme-IT1\" width=\"300\" height=\"24\" srcset=\"https:\/\/www.etelme.de\/etelme-it\/wp-content\/uploads\/2014\/04\/eTelme-IT11-300x24.jpg 300w, https:\/\/www.etelme.de\/etelme-it\/wp-content\/uploads\/2014\/04\/eTelme-IT11.jpg 489w\" sizes=\"(max-width: 300px) 100vw, 300px\" \/><\/p>\n<p>&nbsp;<\/p>\n","protected":false},"excerpt":{"rendered":"<p>Wir die eTelme sind Partner eines der gr\u00f6\u00dften Systemh\u00e4user Europas, was es uns erlaubt die Anzahl unserer kompetenten Mitarbeiter spezifiziert\u00a0nach Ihren Anforderungen und Herausforderungen zu<\/p>\n","protected":false},"author":3,"featured_media":504,"parent":0,"menu_order":0,"comment_status":"open","ping_status":"open","template":"","meta":[],"_links":{"self":[{"href":"https:\/\/www.etelme.de\/etelme-it\/index.php?rest_route=\/wp\/v2\/pages\/196"}],"collection":[{"href":"https:\/\/www.etelme.de\/etelme-it\/index.php?rest_route=\/wp\/v2\/pages"}],"about":[{"href":"https:\/\/www.etelme.de\/etelme-it\/index.php?rest_route=\/wp\/v2\/types\/page"}],"author":[{"embeddable":true,"href":"https:\/\/www.etelme.de\/etelme-it\/index.php?rest_route=\/wp\/v2\/users\/3"}],"replies":[{"embeddable":true,"href":"https:\/\/www.etelme.de\/etelme-it\/index.php?rest_route=%2Fwp%2Fv2%2Fcomments&post=196"}],"version-history":[{"count":37,"href":"https:\/\/www.etelme.de\/etelme-it\/index.php?rest_route=\/wp\/v2\/pages\/196\/revisions"}],"predecessor-version":[{"id":741,"href":"https:\/\/www.etelme.de\/etelme-it\/index.php?rest_route=\/wp\/v2\/pages\/196\/revisions\/741"}],"wp:featuredmedia":[{"embeddable":true,"href":"https:\/\/www.etelme.de\/etelme-it\/index.php?rest_route=\/wp\/v2\/media\/504"}],"wp:attachment":[{"href":"https:\/\/www.etelme.de\/etelme-it\/index.php?rest_route=%2Fwp%2Fv2%2Fmedia&parent=196"}],"curies":[{"name":"wp","href":"https:\/\/api.w.org\/{rel}","templated":true}]}}